{"id":7671,"date":"2018-05-24T13:27:51","date_gmt":"2018-05-24T13:27:51","guid":{"rendered":"http:\/\/www.brero.ch\/?page_id=7671"},"modified":"2025-06-05T08:33:45","modified_gmt":"2025-06-05T08:33:45","slug":"prym","status":"publish","type":"page","link":"https:\/\/www.brero.ch\/fr\/prym\/","title":{"rendered":"Prym Fashion"},"content":{"rendered":"<section class=\"l-section wpb_row height_medium\"><div class=\"l-section-h i-cf\"><div class=\"g-cols type_default\"><div class=\"vc_col-sm-12 wpb_column vc_column_container\"><div class=\"vc_column-inner\"><div class=\"wpb_wrapper\"><div class=\"wpb_text_column \"><div class=\"wpb_wrapper\">\n<h2><\/h2>\n<h2><strong>Prym Fashion<\/strong><\/h2>\n<\/div> <\/div> <div class=\"w-separator type_invisible size_small thick_1 style_solid color_border cont_none\"><span class=\"w-separator-h\"><\/span><\/div><\/div><\/div><\/div><\/div><\/div><\/section><section class=\"l-section wpb_row height_medium\"><div class=\"l-section-h i-cf\"><div class=\"g-cols type_default\"><div class=\"vc_col-sm-8 wpb_column vc_column_container\"><div class=\"vc_column-inner\"><div class=\"wpb_wrapper\"><div class=\"wpb_text_column \"><div class=\"wpb_wrapper\">\n<h6><\/h6>\n<h6>Prym Fashion ist Teil der Prym Gruppe und versorgt im sehr dynamischen Markt der Bekleidungsindustrie die Kunden mit Verschluss-Systemen und Accessoires. Aufgrund des Know-hows, das Prym Fashion seit Generationen in diesem Markt gesammelt hat, werden absolut zuverl\u00e4ssige Verschluss-Systeme produziert: Druckkn\u00f6pfe, Rei\u00dfverschl\u00fcsse, Jeanskn\u00f6pfe und -nieten, \u00d6sen und Scheiben f\u00fcr jede Anwendung. Ein nahezu endloses Sortiment speziell f\u00fcr die Bekleidungs-, Leder- und Textilindustrie \u2013 immer mit den besten L\u00f6sungen f\u00fcr Ihre Bed\u00fcrfnisse. <strong>Ab 100Stk. oder 1000Stk.<\/strong><\/h6>\n<\/div> <\/div> <\/div><\/div><\/div><div class=\"vc_col-sm-4 wpb_column vc_column_container\"><div class=\"vc_column-inner\"><div class=\"wpb_wrapper\"><div class=\"w-image\"><div class=\"us-frame\"><img width=\"300\" height=\"247\" src=\"https:\/\/www.brero.ch\/wp-content\/uploads\/2018\/05\/Prym-Partner-Switzerland-2.jpg\" class=\"attachment-large size-large\" alt=\"\" decoding=\"async\" loading=\"lazy\" srcset=\"https:\/\/www.brero.ch\/wp-content\/uploads\/2018\/05\/Prym-Partner-Switzerland-2.jpg 300w, https:\/\/www.brero.ch\/wp-content\/uploads\/2018\/05\/Prym-Partner-Switzerland-2-148x122.jpg 148w, https:\/\/www.brero.ch\/wp-content\/uploads\/2018\/05\/Prym-Partner-Switzerland-2-31x26.jpg 31w, https:\/\/www.brero.ch\/wp-content\/uploads\/2018\/05\/Prym-Partner-Switzerland-2-38x31.jpg 38w, https:\/\/www.brero.ch\/wp-content\/uploads\/2018\/05\/Prym-Partner-Switzerland-2-261x215.jpg 261w\" sizes=\"(max-width: 300px) 100vw, 300px\" \/><\/div><\/div><\/div><\/div><\/div><\/div><\/div><\/section><section class=\"l-section wpb_row height_medium\"><div class=\"l-section-h i-cf\"><div class=\"g-cols type_default\"><div class=\"vc_col-sm-12 wpb_column vc_column_container\"><div class=\"vc_column-inner\"><div class=\"wpb_wrapper\"><div class=\"w-separator type_default size_small thick_1 style_solid color_border cont_none\"><span class=\"w-separator-h\"><\/span><\/div><\/div><\/div><\/div><\/div><\/div><\/section><section class=\"l-section wpb_row height_medium\"><div class=\"l-section-h i-cf\"><div class=\"g-cols type_default\"><div class=\"vc_col-sm-3 wpb_column vc_column_container\"><div class=\"vc_column-inner\"><div class=\"wpb_wrapper\"><div class=\"wpb_text_column \"><div class=\"wpb_wrapper\">\n<h4><strong>S-Feder Druckknopf<br \/>\n<\/strong><\/h4>\n<p>ab 100 Stk. oder 1000 Stk.<\/div> <\/div> <\/div><\/div><\/div><div class=\"vc_col-sm-3 wpb_column vc_column_container\"><div class=\"vc_column-inner\"><div class=\"wpb_wrapper\"><\/div><\/div><\/div><div class=\"vc_col-sm-3 wpb_column vc_column_container\"><div class=\"vc_column-inner\"><div class=\"wpb_wrapper\"><\/div><\/div><\/div><div class=\"vc_col-sm-3 wpb_column vc_column_container\"><div class=\"vc_column-inner\"><div class=\"wpb_wrapper\"><\/div><\/div><\/div><\/div><\/div><\/section><section class=\"l-section wpb_row height_medium\"><div class=\"l-section-h i-cf\"><div class=\"g-cols type_default\"><div class=\"vc_col-sm-3 wpb_column vc_column_container\"><div class=\"vc_column-inner\"><div class=\"wpb_wrapper\"><div class=\"w-image\"><div class=\"us-frame\"><a href=\"http:\/\/www.brero.ch\/wp-content\/uploads\/2018\/05\/S_1_S-SPRING_UNDERPARTS-0-and-2-1.pdf\" title=\"\" target=\"_blank\" rel=\"\"><img width=\"730\" height=\"1024\" src=\"https:\/\/www.brero.ch\/wp-content\/uploads\/2018\/05\/S_1_S-SPRING_UNDERPARTS-0-and-2-1-pdf-730x1024.jpg\" class=\"attachment-large size-large\" alt=\"\" decoding=\"async\" loading=\"lazy\" \/><\/a><\/div><\/div><\/div><\/div><\/div><div class=\"vc_col-sm-3 wpb_column vc_column_container\"><div class=\"vc_column-inner\"><div class=\"wpb_wrapper\"><div class=\"w-image\"><div class=\"us-frame\"><a href=\"http:\/\/www.brero.ch\/wp-content\/uploads\/2018\/05\/S_2_S-SPRING_UNDAERPARTS-4-and-6-2.pdf\" title=\"\" target=\"_blank\" rel=\"\"><img width=\"730\" height=\"1024\" src=\"https:\/\/www.brero.ch\/wp-content\/uploads\/2018\/05\/S_2_S-SPRING_UNDAERPARTS-4-and-6-2-pdf-730x1024.jpg\" class=\"attachment-large size-large\" alt=\"\" decoding=\"async\" loading=\"lazy\" \/><\/a><\/div><\/div><\/div><\/div><\/div><div class=\"vc_col-sm-3 wpb_column vc_column_container\"><div class=\"vc_column-inner\"><div class=\"wpb_wrapper\"><div class=\"w-image\"><div class=\"us-frame\"><a href=\"http:\/\/www.brero.ch\/wp-content\/uploads\/2018\/05\/S_3_S-SPRING_CAPS-WASHER-TOPS-1.pdf\" title=\"\" target=\"_blank\" rel=\"\"><img width=\"730\" height=\"1024\" src=\"https:\/\/www.brero.ch\/wp-content\/uploads\/2018\/05\/S_3_S-SPRING_CAPS-WASHER-TOPS-1-pdf-730x1024.jpg\" class=\"attachment-large size-large\" alt=\"\" decoding=\"async\" loading=\"lazy\" \/><\/a><\/div><\/div><\/div><\/div><\/div><div class=\"vc_col-sm-3 wpb_column vc_column_container\"><div class=\"vc_column-inner\"><div class=\"wpb_wrapper\"><div class=\"w-image\"><div class=\"us-frame\"><a href=\"http:\/\/www.brero.ch\/wp-content\/uploads\/2018\/05\/S_4_S-SPRING_PILLAR-SET-4-1.pdf\" title=\"\" target=\"_blank\" rel=\"\"><img width=\"730\" height=\"1024\" src=\"https:\/\/www.brero.ch\/wp-content\/uploads\/2018\/05\/S_4_S-SPRING_PILLAR-SET-4-1-pdf-730x1024.jpg\" class=\"attachment-large size-large\" alt=\"\" decoding=\"async\" loading=\"lazy\" \/><\/a><\/div><\/div><\/div><\/div><\/div><\/div><\/div><\/section><section class=\"l-section wpb_row height_medium\"><div class=\"l-section-h i-cf\"><div class=\"g-cols type_default\"><div class=\"vc_col-sm-6 wpb_column vc_column_container\"><div class=\"vc_column-inner\"><div class=\"wpb_wrapper\"><div class=\"w-separator type_invisible size_medium thick_1 style_solid color_border cont_none\"><span class=\"w-separator-h\"><\/span><\/div><div class=\"wpb_text_column \"><div class=\"wpb_wrapper\">\n<h4><strong>Ring-Feder Druckknopf<br \/>\n<\/strong><\/h4>\n<p>ab 100 Stk. oder 1000 Stk.<\/div> <\/div> <\/div><\/div><\/div><div class=\"vc_col-sm-6 wpb_column vc_column_container\"><div class=\"vc_column-inner\"><div class=\"wpb_wrapper\"><\/div><\/div><\/div><\/div><\/div><\/section><section class=\"l-section wpb_row height_medium\"><div class=\"l-section-h i-cf\"><div class=\"g-cols type_default\"><div class=\"vc_col-sm-3 wpb_column vc_column_container\"><div class=\"vc_column-inner\"><div class=\"wpb_wrapper\"><div class=\"w-image\"><div class=\"us-frame\"><a href=\"http:\/\/www.brero.ch\/wp-content\/uploads\/2018\/05\/R_1_RINGSPRING_SYSTEM-3000.pdf\" title=\"\" target=\"_blank\" rel=\"\"><img width=\"730\" height=\"1024\" src=\"https:\/\/www.brero.ch\/wp-content\/uploads\/2018\/05\/R_1_RINGSPRING_SYSTEM-3000-pdf-730x1024.jpg\" class=\"attachment-large size-large\" alt=\"\" decoding=\"async\" loading=\"lazy\" \/><\/a><\/div><\/div><\/div><\/div><\/div><div class=\"vc_col-sm-3 wpb_column vc_column_container\"><div class=\"vc_column-inner\"><div class=\"wpb_wrapper\"><div class=\"w-image\"><div class=\"us-frame\"><a href=\"http:\/\/www.brero.ch\/wp-content\/uploads\/2018\/05\/R_2_RINGSPRING_SYSTEM-3700.pdf\" title=\"\" target=\"_blank\" rel=\"\"><img width=\"730\" height=\"1024\" src=\"https:\/\/www.brero.ch\/wp-content\/uploads\/2018\/05\/R_2_RINGSPRING_SYSTEM-3700-pdf-730x1024.jpg\" class=\"attachment-large size-large\" alt=\"\" decoding=\"async\" loading=\"lazy\" \/><\/a><\/div><\/div><\/div><\/div><\/div><div class=\"vc_col-sm-3 wpb_column vc_column_container\"><div class=\"vc_column-inner\"><div class=\"wpb_wrapper\"><div class=\"w-image\"><div class=\"us-frame\"><a href=\"http:\/\/www.brero.ch\/wp-content\/uploads\/2018\/05\/R_3_RINGSPRING_SYSTEM-TACK.pdf\" title=\"\" target=\"_blank\" rel=\"\"><img width=\"730\" height=\"1024\" src=\"https:\/\/www.brero.ch\/wp-content\/uploads\/2018\/05\/R_3_RINGSPRING_SYSTEM-TACK-pdf-730x1024.jpg\" class=\"attachment-large size-large\" alt=\"\" decoding=\"async\" loading=\"lazy\" \/><\/a><\/div><\/div><\/div><\/div><\/div><div class=\"vc_col-sm-3 wpb_column vc_column_container\"><div class=\"vc_column-inner\"><div class=\"wpb_wrapper\"><\/div><\/div><\/div><\/div><\/div><\/section><section class=\"l-section wpb_row height_medium\"><div class=\"l-section-h i-cf\"><div class=\"g-cols type_default\"><div class=\"vc_col-sm-6 wpb_column vc_column_container\"><div class=\"vc_column-inner\"><div class=\"wpb_wrapper\"><div class=\"w-separator type_invisible size_medium thick_1 style_solid color_border cont_none\"><span class=\"w-separator-h\"><\/span><\/div><div class=\"wpb_text_column \"><div class=\"wpb_wrapper\">\n<h4><strong>Zackenring Druckknopf<br \/>\n<\/strong><\/h4>\n<p>ab 100 Stk. oder 1000 Stk.<\/div> <\/div> <\/div><\/div><\/div><div class=\"vc_col-sm-6 wpb_column vc_column_container\"><div class=\"vc_column-inner\"><div class=\"wpb_wrapper\"><\/div><\/div><\/div><\/div><\/div><\/section><section class=\"l-section wpb_row height_medium\"><div class=\"l-section-h i-cf\"><div class=\"g-cols type_default\"><div class=\"vc_col-sm-3 wpb_column vc_column_container\"><div class=\"vc_column-inner\"><div class=\"wpb_wrapper\"><div class=\"w-image\"><div class=\"us-frame\"><a href=\"http:\/\/www.brero.ch\/wp-content\/uploads\/2018\/05\/G_1_GRIPFIX_12_13_14.pdf\" title=\"\" target=\"_blank\" rel=\"\"><img width=\"730\" height=\"1024\" src=\"https:\/\/www.brero.ch\/wp-content\/uploads\/2018\/05\/G_1_GRIPFIX_12_13_14-pdf-730x1024.jpg\" class=\"attachment-large size-large\" alt=\"\" decoding=\"async\" loading=\"lazy\" \/><\/a><\/div><\/div><\/div><\/div><\/div><div class=\"vc_col-sm-3 wpb_column vc_column_container\"><div class=\"vc_column-inner\"><div class=\"wpb_wrapper\"><div class=\"w-image\"><div class=\"us-frame\"><a href=\"http:\/\/www.brero.ch\/wp-content\/uploads\/2018\/05\/G_2_GRIPFIX_15.pdf\" title=\"\" target=\"_blank\" rel=\"\"><img width=\"730\" height=\"1024\" src=\"https:\/\/www.brero.ch\/wp-content\/uploads\/2018\/05\/G_2_GRIPFIX_15-pdf-730x1024.jpg\" class=\"attachment-large size-large\" alt=\"\" decoding=\"async\" loading=\"lazy\" \/><\/a><\/div><\/div><\/div><\/div><\/div><div class=\"vc_col-sm-3 wpb_column vc_column_container\"><div class=\"vc_column-inner\"><div class=\"wpb_wrapper\"><div class=\"w-image\"><div class=\"us-frame\"><a href=\"http:\/\/www.brero.ch\/wp-content\/uploads\/2018\/05\/G_3_GRIPFIX_16_24.pdf\" title=\"\" target=\"_blank\" rel=\"\"><img width=\"730\" height=\"1024\" src=\"https:\/\/www.brero.ch\/wp-content\/uploads\/2018\/05\/G_3_GRIPFIX_16_24-pdf-730x1024.jpg\" class=\"attachment-large size-large\" alt=\"\" decoding=\"async\" loading=\"lazy\" \/><\/a><\/div><\/div><\/div><\/div><\/div><div class=\"vc_col-sm-3 wpb_column vc_column_container\"><div class=\"vc_column-inner\"><div class=\"wpb_wrapper\"><div class=\"w-image\"><div class=\"us-frame\"><a href=\"http:\/\/www.brero.ch\/wp-content\/uploads\/2018\/05\/G_4_GRIPFIX_16-STAINLESS-STEEL.pdf\" title=\"\" target=\"_blank\" rel=\"\"><img width=\"730\" height=\"1024\" src=\"https:\/\/www.brero.ch\/wp-content\/uploads\/2018\/05\/G_4_GRIPFIX_16-STAINLESS-STEEL-pdf-730x1024.jpg\" class=\"attachment-large size-large\" alt=\"\" decoding=\"async\" loading=\"lazy\" \/><\/a><\/div><\/div><\/div><\/div><\/div><\/div><\/div><\/section><section class=\"l-section wpb_row height_medium\"><div class=\"l-section-h i-cf\"><div class=\"g-cols type_default\"><div class=\"vc_col-sm-6 wpb_column vc_column_container\"><div class=\"vc_column-inner\"><div class=\"wpb_wrapper\"><div class=\"w-separator type_invisible size_medium thick_1 style_solid color_border cont_none\"><span class=\"w-separator-h\"><\/span><\/div><div class=\"wpb_text_column \"><div class=\"wpb_wrapper\">\n<h4><strong>Aqua <\/strong><strong>Wasserdichte <\/strong><strong>Druckkn\u00f6pfe<br \/>\n<\/strong><\/h4>\n<p>ab 1000 Stk.<\/div> <\/div> <\/div><\/div><\/div><div class=\"vc_col-sm-6 wpb_column vc_column_container\"><div class=\"vc_column-inner\"><div class=\"wpb_wrapper\"><\/div><\/div><\/div><\/div><\/div><\/section><section class=\"l-section wpb_row height_medium\"><div class=\"l-section-h i-cf\"><div class=\"g-cols type_default\"><div class=\"vc_col-sm-3 wpb_column vc_column_container\"><div class=\"vc_column-inner\"><div class=\"wpb_wrapper\"><div class=\"w-image\"><div class=\"us-frame\"><a href=\"http:\/\/www.brero.ch\/wp-content\/uploads\/2018\/05\/AQ_1_S-SPRING-AQUA.pdf\" title=\"\" target=\"_blank\" rel=\"\"><img width=\"730\" height=\"1024\" src=\"https:\/\/www.brero.ch\/wp-content\/uploads\/2018\/05\/AQ_1_S-SPRING-AQUA-pdf-730x1024.jpg\" class=\"attachment-large size-large\" alt=\"\" decoding=\"async\" loading=\"lazy\" \/><\/a><\/div><\/div><\/div><\/div><\/div><div class=\"vc_col-sm-3 wpb_column vc_column_container\"><div class=\"vc_column-inner\"><div class=\"wpb_wrapper\"><div class=\"w-image\"><div class=\"us-frame\"><a href=\"http:\/\/www.brero.ch\/wp-content\/uploads\/2018\/05\/AQ_2_RINGSPRING-AQUA.pdf\" title=\"\" target=\"_blank\" rel=\"\"><img width=\"730\" height=\"1024\" src=\"https:\/\/www.brero.ch\/wp-content\/uploads\/2018\/05\/AQ_2_RINGSPRING-AQUA-pdf-730x1024.jpg\" class=\"attachment-large size-large\" alt=\"\" decoding=\"async\" loading=\"lazy\" \/><\/a><\/div><\/div><\/div><\/div><\/div><div class=\"vc_col-sm-3 wpb_column vc_column_container\"><div class=\"vc_column-inner\"><div class=\"wpb_wrapper\"><\/div><\/div><\/div><div class=\"vc_col-sm-3 wpb_column vc_column_container\"><div class=\"vc_column-inner\"><div class=\"wpb_wrapper\"><\/div><\/div><\/div><\/div><\/div><\/section><section class=\"l-section wpb_row height_medium\"><div class=\"l-section-h i-cf\"><div class=\"g-cols type_default\"><div class=\"vc_col-sm-6 wpb_column vc_column_container\"><div class=\"vc_column-inner\"><div class=\"wpb_wrapper\"><div class=\"w-separator type_invisible size_medium thick_1 style_solid color_border cont_none\"><span class=\"w-separator-h\"><\/span><\/div><div class=\"wpb_text_column \"><div class=\"wpb_wrapper\">\n<h4><strong>Plastik Druckkn\u00f6pfe<\/strong><strong><br \/>\n<\/strong><\/h4>\n<p>ab 100 Stk. oder 1000 Stk.<\/div> <\/div> <\/div><\/div><\/div><div class=\"vc_col-sm-6 wpb_column vc_column_container\"><div class=\"vc_column-inner\"><div class=\"wpb_wrapper\"><\/div><\/div><\/div><\/div><\/div><\/section><section class=\"l-section wpb_row height_medium\"><div class=\"l-section-h i-cf\"><div class=\"g-cols type_default\"><div class=\"vc_col-sm-3 wpb_column vc_column_container\"><div class=\"vc_column-inner\"><div class=\"wpb_wrapper\"><div class=\"w-image\"><div class=\"us-frame\"><a href=\"http:\/\/www.brero.ch\/wp-content\/uploads\/2018\/05\/P_1_PLASTIC_PRESS_FASTENERS.pdf\" title=\"\" target=\"_blank\" rel=\"\"><img width=\"730\" height=\"1024\" src=\"https:\/\/www.brero.ch\/wp-content\/uploads\/2018\/05\/P_1_PLASTIC_PRESS_FASTENERS-pdf-730x1024.jpg\" class=\"attachment-large size-large\" alt=\"\" decoding=\"async\" loading=\"lazy\" \/><\/a><\/div><\/div><\/div><\/div><\/div><div class=\"vc_col-sm-3 wpb_column vc_column_container\"><div class=\"vc_column-inner\"><div class=\"wpb_wrapper\"><\/div><\/div><\/div><div class=\"vc_col-sm-3 wpb_column vc_column_container\"><div class=\"vc_column-inner\"><div class=\"wpb_wrapper\"><\/div><\/div><\/div><div class=\"vc_col-sm-3 wpb_column vc_column_container\"><div class=\"vc_column-inner\"><div class=\"wpb_wrapper\"><\/div><\/div><\/div><\/div><\/div><\/section><section class=\"l-section wpb_row height_medium\"><div class=\"l-section-h i-cf\"><div class=\"g-cols type_default\"><div class=\"vc_col-sm-6 wpb_column vc_column_container\"><div class=\"vc_column-inner\"><div class=\"wpb_wrapper\"><div class=\"w-separator type_invisible size_medium thick_1 style_solid color_border cont_none\"><span class=\"w-separator-h\"><\/span><\/div><div class=\"wpb_text_column \"><div class=\"wpb_wrapper\">\n<h4><strong>Hosenhaken und Jenaskn\u00f6pfe<\/strong><strong><br \/>\n<\/strong><\/h4>\n<p>ab 1000 Stk.<\/div> <\/div> <\/div><\/div><\/div><div class=\"vc_col-sm-6 wpb_column vc_column_container\"><div class=\"vc_column-inner\"><div class=\"wpb_wrapper\"><\/div><\/div><\/div><\/div><\/div><\/section><section class=\"l-section wpb_row height_medium\"><div class=\"l-section-h i-cf\"><div class=\"g-cols type_default\"><div class=\"vc_col-sm-3 wpb_column vc_column_container\"><div class=\"vc_column-inner\"><div class=\"wpb_wrapper\"><div class=\"w-image\"><div class=\"us-frame\"><a href=\"http:\/\/www.brero.ch\/wp-content\/uploads\/2018\/05\/HE_1_HOOKS_BARS.pdf\" title=\"\" target=\"_blank\" rel=\"\"><img width=\"730\" height=\"1024\" src=\"https:\/\/www.brero.ch\/wp-content\/uploads\/2018\/05\/HE_1_HOOKS_BARS-pdf-730x1024.jpg\" class=\"attachment-large size-large\" alt=\"\" decoding=\"async\" loading=\"lazy\" \/><\/a><\/div><\/div><\/div><\/div><\/div><div class=\"vc_col-sm-3 wpb_column vc_column_container\"><div class=\"vc_column-inner\"><div class=\"wpb_wrapper\"><div class=\"w-image\"><div class=\"us-frame\"><a href=\"http:\/\/www.brero.ch\/wp-content\/uploads\/2018\/05\/ST_ST_1_JEANS_STAILNESS_STEEL.pdf\" title=\"\" target=\"_blank\" rel=\"\"><img width=\"730\" height=\"1024\" src=\"https:\/\/www.brero.ch\/wp-content\/uploads\/2018\/05\/ST_ST_1_JEANS_STAILNESS_STEEL-pdf-730x1024.jpg\" class=\"attachment-large size-large\" alt=\"\" decoding=\"async\" loading=\"lazy\" \/><\/a><\/div><\/div><\/div><\/div><\/div><div class=\"vc_col-sm-3 wpb_column vc_column_container\"><div class=\"vc_column-inner\"><div class=\"wpb_wrapper\"><\/div><\/div><\/div><div class=\"vc_col-sm-3 wpb_column vc_column_container\"><div class=\"vc_column-inner\"><div class=\"wpb_wrapper\"><\/div><\/div><\/div><\/div><\/div><\/section><section class=\"l-section wpb_row height_medium\"><div class=\"l-section-h i-cf\"><div class=\"g-cols type_default\"><div class=\"vc_col-sm-6 wpb_column vc_column_container\"><div class=\"vc_column-inner\"><div class=\"wpb_wrapper\"><div class=\"w-separator type_invisible size_medium thick_1 style_solid color_border cont_none\"><span class=\"w-separator-h\"><\/span><\/div><div class=\"wpb_text_column \"><div class=\"wpb_wrapper\">\n<h4><strong>\u00d6sen und K-\u00d6sen<\/strong><strong><br \/>\n<\/strong><\/h4>\n<p>ab 100Stk. oder 1000 Stk.<\/div> <\/div> <\/div><\/div><\/div><div class=\"vc_col-sm-6 wpb_column vc_column_container\"><div class=\"vc_column-inner\"><div class=\"wpb_wrapper\"><\/div><\/div><\/div><\/div><\/div><\/section><section class=\"l-section wpb_row height_medium\"><div class=\"l-section-h i-cf\"><div class=\"g-cols type_default\"><div class=\"vc_col-sm-3 wpb_column vc_column_container\"><div class=\"vc_column-inner\"><div class=\"wpb_wrapper\"><div class=\"w-image\"><div class=\"us-frame\"><a href=\"http:\/\/www.brero.ch\/wp-content\/uploads\/2018\/05\/\u00d6sen.pdf\" title=\"\" target=\"_blank\" rel=\"\"><img width=\"730\" height=\"1024\" src=\"https:\/\/www.brero.ch\/wp-content\/uploads\/2018\/05\/\u00d6sen-pdf-730x1024.jpg\" class=\"attachment-large size-large\" alt=\"\" decoding=\"async\" loading=\"lazy\" \/><\/a><\/div><\/div><\/div><\/div><\/div><div class=\"vc_col-sm-3 wpb_column vc_column_container\"><div class=\"vc_column-inner\"><div class=\"wpb_wrapper\"><div class=\"w-image\"><div class=\"us-frame\"><a href=\"http:\/\/www.brero.ch\/wp-content\/uploads\/2018\/05\/E_K_1_K-EYELETS.pdf\" title=\"\" target=\"_blank\" rel=\"\"><img width=\"730\" height=\"1024\" src=\"https:\/\/www.brero.ch\/wp-content\/uploads\/2018\/05\/E_K_1_K-EYELETS-pdf-730x1024.jpg\" class=\"attachment-large size-large\" alt=\"\" decoding=\"async\" loading=\"lazy\" \/><\/a><\/div><\/div><\/div><\/div><\/div><div class=\"vc_col-sm-3 wpb_column vc_column_container\"><div class=\"vc_column-inner\"><div class=\"wpb_wrapper\"><div class=\"w-image\"><div class=\"us-frame\"><a href=\"http:\/\/www.brero.ch\/wp-content\/uploads\/2018\/05\/E_K_D_K-OESE_FLYER.pdf\" title=\"\" target=\"_blank\" rel=\"\"><img width=\"730\" height=\"1024\" src=\"https:\/\/www.brero.ch\/wp-content\/uploads\/2018\/05\/E_K_D_K-OESE_FLYER-pdf-730x1024.jpg\" class=\"attachment-large size-large\" alt=\"\" decoding=\"async\" loading=\"lazy\" \/><\/a><\/div><\/div><\/div><\/div><\/div><div class=\"vc_col-sm-3 wpb_column vc_column_container\"><div class=\"vc_column-inner\"><div class=\"wpb_wrapper\"><\/div><\/div><\/div><\/div><\/div><\/section><section class=\"l-section wpb_row height_medium\"><div class=\"l-section-h i-cf\"><div class=\"g-cols type_default\"><div class=\"vc_col-sm-12 wpb_column vc_column_container\"><div class=\"vc_column-inner\"><div class=\"wpb_wrapper\"><div class=\"wpb_text_column \"><div class=\"wpb_wrapper\">\n<p>&nbsp;<\/p>\n<h3>Interesse an unseren Produkten. Kontaktieren Sie uns.<\/h3>\n<\/div> <\/div> <div class=\"w-form for_cform align_left\" id=\"us_form_2\">\r\n\t<form class=\"w-form-h\" autocomplete=\"off\" action=\"https:\/\/www.brero.ch\/fr\/wp-json\/wp\/v2\/pages\/7671\" method=\"post\">\r\n\t\t\t\t\t\t\t<div class=\"w-form-row for_name required\">\r\n\t<div class=\"w-form-row-label\">\r\n\t\t<label for=\"us_form_2_name\"><\/label>\r\n\t<\/div>\r\n\t<div class=\"w-form-row-field\">\r\n\t\t\t\t<input type=\"text\" name=\"name\" id=\"us_form_2_name\" value=\"\"\r\n\t\t\t   placeholder=\"Nom *\" data-required=\"true\" aria-required=\"true\"\/>\r\n\t\t<span class=\"w-form-row-field-bar\"><\/span>\r\n\t\t\t<\/div>\r\n\t<div class=\"w-form-row-state\"><\/div>\r\n\t<\/div>\r\n\t\t\t\t\t<div class=\"w-form-row for_email required\">\r\n\t<div class=\"w-form-row-label\">\r\n\t\t<label for=\"us_form_2_email\"><\/label>\r\n\t<\/div>\r\n\t<div class=\"w-form-row-field\">\r\n\t\t\t\t<input type=\"email\" name=\"email\" id=\"us_form_2_email\" value=\"\"\r\n\t\t\t   placeholder=\"Email *\" data-required=\"true\" aria-required=\"true\"\/>\r\n\t\t<span class=\"w-form-row-field-bar\"><\/span>\r\n\t\t\t<\/div>\r\n\t<div class=\"w-form-row-state\"><\/div>\r\n\t<\/div>\r\n\t\t\t\t\t<div class=\"w-form-row for_phone required\">\r\n\t<div class=\"w-form-row-label\">\r\n\t\t<label for=\"us_form_2_phone\"><\/label>\r\n\t<\/div>\r\n\t<div class=\"w-form-row-field\">\r\n\t\t\t\t<input type=\"text\" name=\"phone\" id=\"us_form_2_phone\" value=\"\"\r\n\t\t\t   placeholder=\"Num\u00e9ro de t\u00e9l\u00e9phone *\" data-required=\"true\" aria-required=\"true\"\/>\r\n\t\t<span class=\"w-form-row-field-bar\"><\/span>\r\n\t\t\t<\/div>\r\n\t<div class=\"w-form-row-state\"><\/div>\r\n\t<\/div>\r\n\t\t\t\t\t<div class=\"w-form-row for_message required\">\r\n\t<div class=\"w-form-row-label\">\r\n\t\t<label for=\"us_form_2_message\"><\/label>\r\n\t<\/div>\r\n\t<div class=\"w-form-row-field\">\r\n\t\t\t\t<textarea name=\"message\" id=\"us_form_2_message\" cols=\"30\" rows=\"10\" placeholder=\"Message *\"\r\n\t\t\t data-required=\"true\" aria-required=\"true\"><\/textarea>\r\n\t\t<span class=\"w-form-row-field-bar\"><\/span>\r\n\t\t\t<\/div>\r\n\t<div class=\"w-form-row-state\"><\/div>\r\n\t<\/div>\r\n\t\t\t\t\t<input type=\"hidden\" name=\"action\" value=\"us_ajax_cform\" \/>\r\n\t\t\t\t\t<input type=\"hidden\" name=\"post_id\" value=\"7671\" \/>\r\n\t\t\t\t\t<input type=\"hidden\" name=\"form_index\" value=\"2\" \/>\r\n\t\t\t\t\t<div class=\"w-form-row for_submit\">\r\n\t<div class=\"w-form-row-field\">\r\n\t\t<button class=\"w-btn size_15px color_primary style_solid\" type=\"submit\">\r\n\t\t\t<span class=\"g-preloader type_1\"><\/span><span class=\"w-btn-label\">Envoyer le message<\/span><\/button>\r\n\t<\/div>\r\n<\/div>\r\n\t\t\t\t<div class=\"w-form-message\"><\/div>\r\n\t\t\t<\/form>\r\n\t\t\t<div class=\"w-form-json hidden\" onclick='return {&quot;ajaxurl&quot;:&quot;https:\\\/\\\/www.brero.ch\\\/wp-admin\\\/admin-ajax.php&quot;,&quot;success&quot;:&quot;Merci ! Votre message vient d&#039;\\u00eatre envoy\\u00e9&quot;,&quot;errors&quot;:{&quot;name&quot;:&quot;Saisir votre nom, s&#039;il vous pla\\u00eet&quot;,&quot;email&quot;:&quot;Saisir votre email, s&#039;il vous pla\\u00eet&quot;,&quot;phone&quot;:&quot;Saisir votre num\\u00e9ro de t\\u00e9l\\u00e9phone, s&#039;il vous pla\\u00eet&quot;,&quot;message&quot;:&quot;Saisir votre message, s&#039;il vous pla\\u00eet&quot;}}'><\/div>\r\n\t<\/div>\r\n<\/div><\/div><\/div><\/div><\/div><\/section><section class=\"l-section wpb_row height_medium\"><div class=\"l-section-h i-cf\"><div class=\"g-cols type_default\"><div class=\"vc_col-sm-12 wpb_column vc_column_container\"><div class=\"vc_column-inner\"><div class=\"wpb_wrapper\"><div class=\"w-separator type_invisible size_small thick_1 style_solid color_border cont_none\"><span class=\"w-separator-h\"><\/span><\/div><\/div><\/div><\/div><\/div><\/div><\/section><section class=\"l-section wpb_row height_medium\"><div class=\"l-section-h i-cf\"><div class=\"g-cols type_default\"><div class=\"vc_col-sm-12 wpb_column vc_column_container\"><div class=\"vc_column-inner\"><div class=\"wpb_wrapper\"><div class=\"wpb_text_column \"><div class=\"wpb_wrapper\"><p>\n<\/p><\/div> <\/div> <\/div><\/div><\/div><\/div><\/div><\/section>","protected":false},"excerpt":{"rendered":"Prym Fashion Prym Fashion ist Teil der Prym Gruppe und versorgt im sehr dynamischen Markt der Bekleidungsindustrie die Kunden mit Verschluss-Systemen und Accessoires. Aufgrund des Know-hows, das Prym Fashion seit...","protected":false},"author":1,"featured_media":0,"parent":0,"menu_order":0,"comment_status":"closed","ping_status":"closed","template":"","meta":[],"_links":{"self":[{"href":"https:\/\/www.brero.ch\/fr\/wp-json\/wp\/v2\/pages\/7671"}],"collection":[{"href":"https:\/\/www.brero.ch\/fr\/wp-json\/wp\/v2\/pages"}],"about":[{"href":"https:\/\/www.brero.ch\/fr\/wp-json\/wp\/v2\/types\/page"}],"author":[{"embeddable":true,"href":"https:\/\/www.brero.ch\/fr\/wp-json\/wp\/v2\/users\/1"}],"replies":[{"embeddable":true,"href":"https:\/\/www.brero.ch\/fr\/wp-json\/wp\/v2\/comments?post=7671"}],"version-history":[{"count":31,"href":"https:\/\/www.brero.ch\/fr\/wp-json\/wp\/v2\/pages\/7671\/revisions"}],"predecessor-version":[{"id":9553,"href":"https:\/\/www.brero.ch\/fr\/wp-json\/wp\/v2\/pages\/7671\/revisions\/9553"}],"wp:attachment":[{"href":"https:\/\/www.brero.ch\/fr\/wp-json\/wp\/v2\/media?parent=7671"}],"curies":[{"name":"wp","href":"https:\/\/api.w.org\/{rel}","templated":true}]}}